{"id":3,"date":"2024-02-07T20:55:19","date_gmt":"2024-02-07T20:55:19","guid":{"rendered":"https:\/\/medimarcas.com\/inicio\/?page_id=3"},"modified":"2024-04-05T20:29:31","modified_gmt":"2024-04-05T20:29:31","slug":"politica-privacidad","status":"publish","type":"page","link":"https:\/\/medimarcas.com\/inicio\/politica-privacidad\/","title":{"rendered":"Aviso de privacidad"},"content":{"rendered":"\t\t<div data-elementor-type=\"wp-page\" data-elementor-id=\"3\" class=\"elementor elementor-3\" data-elementor-post-type=\"page\">\n\t\t\t\t<div class=\"elementor-element elementor-element-1788361 e-flex e-con-boxed e-con e-parent\" data-id=\"1788361\" data-element_type=\"container\" data-settings=\"{&quot;content_width&quot;:&quot;boxed&quot;}\" data-core-v316-plus=\"true\">\n\t\t\t\t\t<div class=\"e-con-inner\">\n\t\t\t\t<div class=\"elementor-element elementor-element-450fe98 elementor-widget elementor-widget-text-editor\" data-id=\"450fe98\" data-element_type=\"widget\" data-widget_type=\"text-editor.default\">\n\t\t\t\t<div class=\"elementor-widget-container\">\n\t\t\t<style>\/*! elementor - v3.19.0 - 07-02-2024 *\/\n.elementor-widget-text-editor.elementor-drop-cap-view-stacked .elementor-drop-cap{background-color:#69727d;color:#fff}.elementor-widget-text-editor.elementor-drop-cap-view-framed .elementor-drop-cap{color:#69727d;border:3px solid;background-color:transparent}.elementor-widget-text-editor:not(.elementor-drop-cap-view-default) .elementor-drop-cap{margin-top:8px}.elementor-widget-text-editor:not(.elementor-drop-cap-view-default) .elementor-drop-cap-letter{width:1em;height:1em}.elementor-widget-text-editor .elementor-drop-cap{float:left;text-align:center;line-height:1;font-size:50px}.elementor-widget-text-editor .elementor-drop-cap-letter{display:inline-block}<\/style>\t\t\t\t<p>\u00a0<b>MEDIMARCAS S.A de C.V<\/b> con domicilio fiscal en Av. Adolfo L\u00f3pez Mateos #595, Colonia Jardines del Bosque, Guadalajara, Jalisco, C.P 44520, de conformidad con lo dispuesto en la Ley Federal de Protecci\u00f3n de Datos Personales en Posesi\u00f3n de los Particulares hace de su conocimiento el presente <b> Aviso de Privacidad<\/b> para los clientes y proveedores:<br><b> 1.-SOBRE EL TRATAMIENTO DE SUS DATOS PERSONALES: <\/b> <br \/>Recabamos sus datos personales para los efectos mencionados en el presente <b> Aviso de Privacidad<\/b>. En este sentido, hacemos de su conocimiento que sus datos personales ser\u00e1n tratados y resguardados con base en los principios de licitud, calidad, consentimiento, informaci\u00f3n, finalidad, lealtad, proporcionalidad y responsabilidad, consagrados en la <b> Ley Federal de Protecci\u00f3n de Datos Personales<\/b> en Posesi\u00f3n de los Particulares.<br \/><b>2.-FINALIDAD EN EL TRATAMIENTO DE SUS DATOS PERSONALES:<\/b><br \/>Recopilamos sus datos personales con el objeto de utilizarlos para los siguientes fines:<br \/>\u2022 Para contactarlo y enviarle informaci\u00f3n relevante sobre nuestros productos y servicios.<br> \u2022 Identificarlo como clientes y\/o proveedor de <b> Medimarcas S.A de C.V.<\/b><br> \u2022 Para realizar todas las gestiones internas necesarias correspondientes a la relaci\u00f3n comercial vigente, incluyendo cuestiones de cr\u00e9dito y pagos.<br \/> \u2022 Para fines comerciales y promociones. <br>\u2022 Para efectuar encuestas de calidad y satisfacci\u00f3n.<br \/>Al ponerse a disposici\u00f3n del titular el presente aviso y no manifestar este oposici\u00f3n alguna, se entera que el titular otorga a Medimarcas S.A de C.V. su consentimiento para llevar a cabo el tratamiento de los datos personales que hubieran sido proporcione en lo futuro, personalmente o a trav\u00e9s de cualquier medio electr\u00f3nico o tecnolog\u00eda con el que cuente el responsable.<br><b>3.- MEDIOS PARA LIMITAR EL USO O DIVULGACI\u00d2N DE SUS DATOS PERSONALES:<\/b><br>Hacemos de su conocimiento que sus datos personales y datos personales sensibles ser\u00e1n resguardados bajo estrictas medidas de seguridad administrativas, t\u00e9cnicas y f\u00edsicas las cuales han sido implementadas con el objeto de proteger sus datos personales contra el da\u00f1o, p\u00e9rdida, alteraci\u00f3n, destrucci\u00f3n o el uso, acceso o tratamiento no autorizados.<br\/><b>4.-MEDIDAS PARA EL EJERCICIO DE SUS DERECHOS COMO TITULAR DE LOS DATOS PERSONALES:<\/b><br \/>Como titular de los datos personales objeto del presente Aviso de Privacidad usted podr\u00e1 ejercitar sus derechos de acceso, rectificaci\u00f3n, cancelaci\u00f3n u oposici\u00f3n frente al responsable, mismos que se consagran en la <b> Ley Federal de Protecci\u00f3n de Datos Personales<\/b> en Posesi\u00f3n de los Particulares. En cualquiera de estos supuestos, puede realizar su solicitud mediante el envi\u00f3 de un correo electr\u00f3nico a la direcci\u00f3n:<br \/><b>jur\u00eddico@medimarcas.com.mx<\/b> <br \/>Con la finalidad de poder atender su solicitud, esta deber\u00e1 satisfacer todos los requisitos estipulados en la <b> Ley Federal de Protecci\u00f3n de Datos Personales<\/b> en Posesi\u00f3n de los Particulares.<br \/><b> 5.-TRANSFERENCIA DE SUS DATOS PERSONALES:<\/b><br \/>Medimarcas S.A de C.V. se compromete a cuidar el cumplimiento de todos los principios legales de protecci\u00f3n en torno a la transferencia de sus datos personales.<\/p>\t\t\t\t\t\t<\/div>\n\t\t\t\t<\/div>\n\t\t\t\t\t<\/div>\n\t\t\t\t<\/div>\n\t\t\t\t<\/div>\n\t\t","protected":false},"excerpt":{"rendered":"<p>\u00a0MEDIMARCAS S.A de C.V con domicilio fiscal en Av. Adolfo L\u00f3pez Mateos #595, Colonia Jardines del Bosque, Guadalajara, Jalisco, C.P [&hellip;]<\/p>\n","protected":false},"author":1,"featured_media":0,"parent":0,"menu_order":0,"comment_status":"closed","ping_status":"open","template":"","meta":{"site-sidebar-layout":"default","site-content-layout":"","ast-site-content-layout":"","site-content-style":"default","site-sidebar-style":"default","ast-global-header-display":"","ast-banner-title-visibility":"","ast-main-header-display":"","ast-hfb-above-header-display":"","ast-hfb-below-header-display":"","ast-hfb-mobile-header-display":"","site-post-title":"","ast-breadcrumbs-content":"","ast-featured-img":"","footer-sml-layout":"","theme-transparent-header-meta":"","adv-header-id-meta":"","stick-header-meta":"","header-above-stick-meta":"","header-main-stick-meta":"","header-below-stick-meta":"","astra-migrate-meta-layouts":"default","ast-page-background-enabled":"default","ast-page-background-meta":{"desktop":{"background-color":"var(--ast-global-color-4)","background-image":"","background-repeat":"repeat","background-position":"center center","background-size":"auto","background-attachment":"scroll","background-type":"","background-media":"","overlay-type":"","overlay-color":"","overlay-gradient":""},"tablet":{"background-color":"","background-image":"","background-repeat":"repeat","background-position":"center center","background-size":"auto","background-attachment":"scroll","background-type":"","background-media":"","overlay-type":"","overlay-color":"","overlay-gradient":""},"mobile":{"background-color":"","background-image":"","background-repeat":"repeat","background-position":"center center","background-size":"auto","background-attachment":"scroll","background-type":"","background-media":"","overlay-type":"","overlay-color":"","overlay-gradient":""}},"ast-content-background-meta":{"desktop":{"background-color":"var(--ast-global-color-5)","background-image":"","background-repeat":"repeat","background-position":"center center","background-size":"auto","background-attachment":"scroll","background-type":"","background-media":"","overlay-type":"","overlay-color":"","overlay-gradient":""},"tablet":{"background-color":"var(--ast-global-color-5)","background-image":"","background-repeat":"repeat","background-position":"center center","background-size":"auto","background-attachment":"scroll","background-type":"","background-media":"","overlay-type":"","overlay-color":"","overlay-gradient":""},"mobile":{"background-color":"var(--ast-global-color-5)","background-image":"","background-repeat":"repeat","background-position":"center center","background-size":"auto","background-attachment":"scroll","background-type":"","background-media":"","overlay-type":"","overlay-color":"","overlay-gradient":""}},"footnotes":""},"class_list":["post-3","page","type-page","status-publish","hentry"],"aioseo_notices":[],"_links":{"self":[{"href":"https:\/\/medimarcas.com\/inicio\/wp-json\/wp\/v2\/pages\/3","targetHints":{"allow":["GET"]}}],"collection":[{"href":"https:\/\/medimarcas.com\/inicio\/wp-json\/wp\/v2\/pages"}],"about":[{"href":"https:\/\/medimarcas.com\/inicio\/wp-json\/wp\/v2\/types\/page"}],"author":[{"embeddable":true,"href":"https:\/\/medimarcas.com\/inicio\/wp-json\/wp\/v2\/users\/1"}],"replies":[{"embeddable":true,"href":"https:\/\/medimarcas.com\/inicio\/wp-json\/wp\/v2\/comments?post=3"}],"version-history":[{"count":25,"href":"https:\/\/medimarcas.com\/inicio\/wp-json\/wp\/v2\/pages\/3\/revisions"}],"predecessor-version":[{"id":2902,"href":"https:\/\/medimarcas.com\/inicio\/wp-json\/wp\/v2\/pages\/3\/revisions\/2902"}],"wp:attachment":[{"href":"https:\/\/medimarcas.com\/inicio\/wp-json\/wp\/v2\/media?parent=3"}],"curies":[{"name":"wp","href":"https:\/\/api.w.org\/{rel}","templated":true}]}}