{"id":2489,"date":"2024-02-27T19:48:19","date_gmt":"2024-02-27T19:48:19","guid":{"rendered":"https:\/\/medimarcas.com\/inicio\/?post_type=product&#038;p=2489"},"modified":"2024-03-01T19:20:09","modified_gmt":"2024-03-01T19:20:09","slug":"introcan-certo-cateter-periferico-18g-1-pieza","status":"publish","type":"product","link":"https:\/\/medimarcas.com\/inicio\/producto\/introcan-certo-cateter-periferico-18g-1-pieza\/","title":{"rendered":"Introcan Certo Cat\u00e9ter Perif\u00e9rico 18g 1 Pieza"},"content":{"rendered":"<p>*Presentaci\u00f3n Caja con 50 piezas.<br \/>\n*Dise\u00f1o ergon\u00f3mico de producto para inserci\u00f3n con una sola manos.<br \/>\n*Biselado afilado en bisel para traumatismo de punci\u00f3n m\u00ednimo.<br \/>\n*Los segmentos transparentes confirman la colocaci\u00f3n exitosa del cat\u00e9ter al retirar la aguja.<br \/>\n*Sin l\u00e1ntex, sin PVC.<br \/>\n*Peso 0.25kg<br \/>\n*Dimensiones 13.5x 13x 12 com<\/p>\n","protected":false},"excerpt":{"rendered":"<p><span style=\"font-size: 12px; color: #333333;\">*Precios e inventario sujetos a cambios sin previo aviso.<\/b><\/span><br \/>\n<html lang=\"es\"><\/p>\n<style>\n.boton-mercadolibre, .boton-tienda, .boton-mayoreo {\n  display: inline-block; padding: 10px 20px; background-color: #173362; color: white; text-align: center; text-decoration: none; font-size: 15px; border-radius: 10px; border: none; cursor: pointer;\n  margin-bottom: 15px;  width: 300px; \n}\n\/* Estilos\n para cuando pasas el mouse sobre los botones *\/\n.boton-mercadolibre:hover, .boton-tienda:hover, .boton-mayoreo:hover {\n  background-color: #0CC0DF; \/* Cambiamos el color de fondo al pasar el mouse *\/\n  color: #FFFFFF; \/* Color de texto al pasar el mouse *\/\n}\n        .texto-comprar {\n            color: #0CC0DF; \/* Color de texto *\/\n            font-size: 15px; \/* Tama\u00f1o de fuente *\/\n            font-weight: bold; \/* Agregar negritas *\/\n        } \n<\/style>\n<p><body><\/p>\n<div class=\"col-lg-4 col-md-4 flex-container\">\n<p class=\"texto-comprar\">Selecciona para comprar<\/p>\n<p>  <a href=\"https:\/\/articulo.mercadolibre.com.mx\/MLM-2747233466-introcan-certo-cateter-periferico-18g-caja-con-50-piezas-_JM#position=13&#038;search_layout=grid&#038;type=item&#038;tracking_id=bb35966c-c11b-41f8-acaa-d0a6cd7ff4da\"class=\"boton-mercadolibre\"> Comprar en Mercado Libre<\/a><br \/>\n  <a href=\"https:\/\/medimarcas.com\/inicio\/\"class=\"boton-tienda\">Comprar en Tienda<\/a><br \/>\n  <a href=\"https:\/\/wa.link\/nrycnd\"class=\"boton-mayoreo\">Comprar en Mayoreo<\/a><\/p>\n<p><b>*.<\/b> <\/a>\n<\/div>\n<p><\/html><\/p>\n","protected":false},"featured_media":256,"comment_status":"closed","ping_status":"closed","template":"","meta":{"site-sidebar-layout":"default","site-content-layout":"","ast-site-content-layout":"default","site-content-style":"default","site-sidebar-style":"default","ast-global-header-display":"","ast-banner-title-visibility":"","ast-main-header-display":"","ast-hfb-above-header-display":"","ast-hfb-below-header-display":"","ast-hfb-mobile-header-display":"","site-post-title":"","ast-breadcrumbs-content":"","ast-featured-img":"","footer-sml-layout":"","theme-transparent-header-meta":"default","adv-header-id-meta":"","stick-header-meta":"","header-above-stick-meta":"","header-main-stick-meta":"","header-below-stick-meta":"","astra-migrate-meta-layouts":"set","ast-page-background-enabled":"default","ast-page-background-meta":{"desktop":{"background-color":"var(--ast-global-color-4)","background-image":"","background-repeat":"repeat","background-position":"center center","background-size":"auto","background-attachment":"scroll","background-type":"","background-media":"","overlay-type":"","overlay-color":"","overlay-gradient":""},"tablet":{"background-color":"","background-image":"","background-repeat":"repeat","background-position":"center center","background-size":"auto","background-attachment":"scroll","background-type":"","background-media":"","overlay-type":"","overlay-color":"","overlay-gradient":""},"mobile":{"background-color":"","background-image":"","background-repeat":"repeat","background-position":"center center","background-size":"auto","background-attachment":"scroll","background-type":"","background-media":"","overlay-type":"","overlay-color":"","overlay-gradient":""}},"ast-content-background-meta":{"desktop":{"background-color":"var(--ast-global-color-5)","background-image":"","background-repeat":"repeat","background-position":"center center","background-size":"auto","background-attachment":"scroll","background-type":"","background-media":"","overlay-type":"","overlay-color":"","overlay-gradient":""},"tablet":{"background-color":"var(--ast-global-color-5)","background-image":"","background-repeat":"repeat","background-position":"center center","background-size":"auto","background-attachment":"scroll","background-type":"","background-media":"","overlay-type":"","overlay-color":"","overlay-gradient":""},"mobile":{"background-color":"var(--ast-global-color-5)","background-image":"","background-repeat":"repeat","background-position":"center center","background-size":"auto","background-attachment":"scroll","background-type":"","background-media":"","overlay-type":"","overlay-color":"","overlay-gradient":""}}},"product_brand":[],"product_cat":[37,28],"product_tag":[],"class_list":{"0":"post-2489","1":"product","2":"type-product","3":"status-publish","4":"has-post-thumbnail","6":"product_cat-b-braun","7":"product_cat-productos","8":"desktop-align-left","9":"tablet-align-left","10":"mobile-align-left","12":"first","13":"instock","14":"shipping-taxable","15":"purchasable","16":"product-type-simple"},"aioseo_notices":[],"_links":{"self":[{"href":"https:\/\/medimarcas.com\/inicio\/wp-json\/wp\/v2\/product\/2489","targetHints":{"allow":["GET"]}}],"collection":[{"href":"https:\/\/medimarcas.com\/inicio\/wp-json\/wp\/v2\/product"}],"about":[{"href":"https:\/\/medimarcas.com\/inicio\/wp-json\/wp\/v2\/types\/product"}],"replies":[{"embeddable":true,"href":"https:\/\/medimarcas.com\/inicio\/wp-json\/wp\/v2\/comments?post=2489"}],"wp:featuredmedia":[{"embeddable":true,"href":"https:\/\/medimarcas.com\/inicio\/wp-json\/wp\/v2\/media\/256"}],"wp:attachment":[{"href":"https:\/\/medimarcas.com\/inicio\/wp-json\/wp\/v2\/media?parent=2489"}],"wp:term":[{"taxonomy":"product_brand","embeddable":true,"href":"https:\/\/medimarcas.com\/inicio\/wp-json\/wp\/v2\/product_brand?post=2489"},{"taxonomy":"product_cat","embeddable":true,"href":"https:\/\/medimarcas.com\/inicio\/wp-json\/wp\/v2\/product_cat?post=2489"},{"taxonomy":"product_tag","embeddable":true,"href":"https:\/\/medimarcas.com\/inicio\/wp-json\/wp\/v2\/product_tag?post=2489"}],"curies":[{"name":"wp","href":"https:\/\/api.w.org\/{rel}","templated":true}]}}