{"id":3265,"date":"2024-03-05T00:07:15","date_gmt":"2024-03-05T00:07:15","guid":{"rendered":"https:\/\/medimarcas.com\/inicio\/?post_type=product&#038;p=3265"},"modified":"2024-03-08T16:46:58","modified_gmt":"2024-03-08T16:46:58","slug":"lapiz-para-electrocirugia","status":"publish","type":"product","link":"https:\/\/medimarcas.com\/inicio\/producto\/lapiz-para-electrocirugia\/","title":{"rendered":"L\u00e1piz Para Electrocirug\u00eda"},"content":{"rendered":"<p>MARCA: Surgeryfix OBS<\/p>\n<p>Los l\u00e1pices desechables para electrocirug\u00eda con control de mano, son muy confiables durante los procedimientos de<br \/>\nelectrocirug\u00eda. Su impermeabilidad est\u00e1 garantizada gracias a un sello especial de silic\u00f3n que no permite<br \/>\nninguna filtraci\u00f3n de l\u00edquidos y protege al operador de posibles descargas el\u00e9ctricas. El \u201cclick\u201d audible del interruptor<br \/>\nasegura la identificaci\u00f3n inmediata de su activaci\u00f3n. El conector visual tipo Valleylab permite utilizar los l\u00e1pices con<br \/>\ngran variedad de dispositivos electroquir\u00fargicos que usen este conector est\u00e1ndar.<\/p>\n<p>Caracter\u00edsticas:<br \/>\n&#8211; Para electrocirug\u00eda Premium.<br \/>\n&#8211; Para corte y coagulaci\u00f3n con electrodo est\u00e1ndar (70mm).<br \/>\n&#8211; Cuchilla desechable.<br \/>\n&#8211; Esteril, grado medico.<\/p>\n<p>Dimensiones:<\/p>\n<p>\u00b7 320 cm cable con conector altamente flexible.<br \/>\n\u00b7 Conector monopolar universal moldeado tipo Valleylab.<\/p>\n<p>Descarga Ficha T\u00e9cnica <a href=\"https:\/\/medimarcas.com\/inicio\/wp-content\/uploads\/2024\/03\/LAPIZ.pdf\">L\u00c1PIZ<\/a><\/p>\n","protected":false},"excerpt":{"rendered":"<p><span style=\"font-size: 12px; color: #333333;\">*Precios e inventario sujetos a cambios sin previo aviso.<\/span><\/p>\n<style>\n.boton-mercadolibre, .boton-tienda, .boton-mayoreo {<br \/>\n  display: inline-block;<br \/>\n  padding: 10px 20px;<br \/>\n  background-color: #173362; \/* Color de fondo *\/<br \/>\n  color: white; \/* Color del texto *\/<br \/>\n  text-align: center;<br \/>\n  text-decoration: none;<br \/>\n  font-size: 15px;<br \/>\n  border-radius: 10px; \/* Radio de los bordes *\/<br \/>\n  border: none; \/* Quitamos el borde *\/<br \/>\n  cursor: pointer;<br \/>\n  margin-bottom: 15px; \/* Espacio hacia abajo *\/<br \/>\n  width: 300px; \/* Ancho fijo para todos los botones *\/<br \/>\n}<br \/>\n\/* Estilos<br \/>\n para cuando pasas el mouse sobre los botones *\/<br \/>\n.boton-mercadolibre:hover, .boton-tienda:hover, .boton-mayoreo:hover {<br \/>\n  background-color: #0CC0DF; \/* Cambiamos el color de fondo al pasar el mouse *\/<br \/>\n  color: #FFFFFF; \/* Color de texto al pasar el mouse *\/<br \/>\n}<br \/>\n        .texto-comprar {<br \/>\n            color: #0CC0DF; \/* Color de texto *\/<br \/>\n            font-size: 15px; \/* Tama\u00f1o de fuente *\/<br \/>\n            font-weight: bold; \/* Agregar negritas *\/<br \/>\n        }<br \/>\n<\/style>\n<p>&nbsp;<\/p>\n<div class=\"col-lg-4 col-md-4 flex-container\">\n<p class=\"texto-comprar\">Selecciona para comprar<\/p>\n<p><a class=\"boton-mercadolibre\" href=\"https:\/\/listado.mercadolibre.com.mx\/_CustId_1457765891?item_id=MLM1978801707&amp;category_id=MLM178494&amp;seller_id=1457765891&amp;client=recoview-selleritems&amp;recos_listing=true\"> Comprar en Mercado Libre<\/a><br \/>\n<a class=\"boton-tienda\" href=\"https:\/\/medimarcas.com\/inicio\/\">Comprar en Tienda<\/a><br \/>\n<a class=\"boton-mayoreo\" href=\"https:\/\/wa.link\/eydsdq\">Comprar en Mayoreo<\/a><\/p>\n<p><b><br \/>\n<\/b><\/p>\n<hr \/>\n<\/div>\n","protected":false},"featured_media":3266,"comment_status":"closed","ping_status":"closed","template":"","meta":{"site-sidebar-layout":"default","site-content-layout":"","ast-site-content-layout":"default","site-content-style":"default","site-sidebar-style":"default","ast-global-header-display":"","ast-banner-title-visibility":"","ast-main-header-display":"","ast-hfb-above-header-display":"","ast-hfb-below-header-display":"","ast-hfb-mobile-header-display":"","site-post-title":"","ast-breadcrumbs-content":"","ast-featured-img":"","footer-sml-layout":"","theme-transparent-header-meta":"default","adv-header-id-meta":"","stick-header-meta":"","header-above-stick-meta":"","header-main-stick-meta":"","header-below-stick-meta":"","astra-migrate-meta-layouts":"set","ast-page-background-enabled":"default","ast-page-background-meta":{"desktop":{"background-color":"var(--ast-global-color-4)","background-image":"","background-repeat":"repeat","background-position":"center center","background-size":"auto","background-attachment":"scroll","background-type":"","background-media":"","overlay-type":"","overlay-color":"","overlay-gradient":""},"tablet":{"background-color":"","background-image":"","background-repeat":"repeat","background-position":"center center","background-size":"auto","background-attachment":"scroll","background-type":"","background-media":"","overlay-type":"","overlay-color":"","overlay-gradient":""},"mobile":{"background-color":"","background-image":"","background-repeat":"repeat","background-position":"center center","background-size":"auto","background-attachment":"scroll","background-type":"","background-media":"","overlay-type":"","overlay-color":"","overlay-gradient":""}},"ast-content-background-meta":{"desktop":{"background-color":"var(--ast-global-color-5)","background-image":"","background-repeat":"repeat","background-position":"center center","background-size":"auto","background-attachment":"scroll","background-type":"","background-media":"","overlay-type":"","overlay-color":"","overlay-gradient":""},"tablet":{"background-color":"var(--ast-global-color-5)","background-image":"","background-repeat":"repeat","background-position":"center center","background-size":"auto","background-attachment":"scroll","background-type":"","background-media":"","overlay-type":"","overlay-color":"","overlay-gradient":""},"mobile":{"background-color":"var(--ast-global-color-5)","background-image":"","background-repeat":"repeat","background-position":"center center","background-size":"auto","background-attachment":"scroll","background-type":"","background-media":"","overlay-type":"","overlay-color":"","overlay-gradient":""}}},"product_brand":[],"product_cat":[28,70],"product_tag":[],"class_list":{"0":"post-3265","1":"product","2":"type-product","3":"status-publish","4":"has-post-thumbnail","6":"product_cat-productos","7":"product_cat-surgery","8":"desktop-align-left","9":"tablet-align-left","10":"mobile-align-left","12":"first","13":"instock","14":"shipping-taxable","15":"purchasable","16":"product-type-simple"},"aioseo_notices":[],"_links":{"self":[{"href":"https:\/\/medimarcas.com\/inicio\/wp-json\/wp\/v2\/product\/3265","targetHints":{"allow":["GET"]}}],"collection":[{"href":"https:\/\/medimarcas.com\/inicio\/wp-json\/wp\/v2\/product"}],"about":[{"href":"https:\/\/medimarcas.com\/inicio\/wp-json\/wp\/v2\/types\/product"}],"replies":[{"embeddable":true,"href":"https:\/\/medimarcas.com\/inicio\/wp-json\/wp\/v2\/comments?post=3265"}],"wp:featuredmedia":[{"embeddable":true,"href":"https:\/\/medimarcas.com\/inicio\/wp-json\/wp\/v2\/media\/3266"}],"wp:attachment":[{"href":"https:\/\/medimarcas.com\/inicio\/wp-json\/wp\/v2\/media?parent=3265"}],"wp:term":[{"taxonomy":"product_brand","embeddable":true,"href":"https:\/\/medimarcas.com\/inicio\/wp-json\/wp\/v2\/product_brand?post=3265"},{"taxonomy":"product_cat","embeddable":true,"href":"https:\/\/medimarcas.com\/inicio\/wp-json\/wp\/v2\/product_cat?post=3265"},{"taxonomy":"product_tag","embeddable":true,"href":"https:\/\/medimarcas.com\/inicio\/wp-json\/wp\/v2\/product_tag?post=3265"}],"curies":[{"name":"wp","href":"https:\/\/api.w.org\/{rel}","templated":true}]}}